{"id":3758,"date":"2025-06-09T21:14:34","date_gmt":"2025-06-09T21:14:34","guid":{"rendered":"https:\/\/axis-simulation.com\/unternehmen\/"},"modified":"2025-12-15T08:22:41","modified_gmt":"2025-12-15T08:22:41","slug":"unternehmen","status":"publish","type":"page","link":"https:\/\/www.axis-simulation.com\/de\/unternehmen\/","title":{"rendered":"Company"},"content":{"rendered":"<p>GLOBALE PR\u00c4SENZ<\/p>\n<p>Mit Installationen in Europa, Asien und Amerika unterst\u00fctzt AXIS eine vielf\u00e4ltige Kundschaft, darunter Fluggesellschaften, Pilotenschulen und zugelassene Ausbildungsorganisationen (ATO). Unser flexibler Ansatz und unsere konsequente Kundenorientierung erm\u00f6glichen es uns, ma\u00dfgeschneiderte, wirkungsvolle Trainingsl\u00f6sungen weltweit bereitzustellen. Laufende Projekte und Partnerschaften unterstreichen unseren Anspruch an Innovation und unsere globale Reichweite.<\/p>\n","protected":false},"excerpt":{"rendered":"<p>GLOBALE PR\u00c4SENZ Mit Installationen in Europa, Asien und Amerika unterst\u00fctzt AXIS eine vielf\u00e4ltige Kundschaft, darunter Fluggesellschaften, Pilotenschulen und zugelassene Ausbildungsorganisationen (ATO). Unser flexibler Ansatz und unsere konsequente Kundenorientierung erm\u00f6glichen es uns, ma\u00dfgeschneiderte, wirkungsvolle Trainingsl\u00f6sungen weltweit bereitzustellen. Laufende Projekte und Partnerschaften unterstreichen unseren Anspruch an Innovation und unsere globale Reichweite.<\/p>\n","protected":false},"author":1,"featured_media":0,"parent":0,"menu_order":0,"comment_status":"closed","ping_status":"closed","template":"","meta":{"footnotes":""},"class_list":["post-3758","page","type-page","status-publish","hentry"],"acf":[],"_links":{"self":[{"href":"https:\/\/www.axis-simulation.com\/de\/wp-json\/wp\/v2\/pages\/3758","targetHints":{"allow":["GET"]}}],"collection":[{"href":"https:\/\/www.axis-simulation.com\/de\/wp-json\/wp\/v2\/pages"}],"about":[{"href":"https:\/\/www.axis-simulation.com\/de\/wp-json\/wp\/v2\/types\/page"}],"author":[{"embeddable":true,"href":"https:\/\/www.axis-simulation.com\/de\/wp-json\/wp\/v2\/users\/1"}],"replies":[{"embeddable":true,"href":"https:\/\/www.axis-simulation.com\/de\/wp-json\/wp\/v2\/comments?post=3758"}],"version-history":[{"count":4,"href":"https:\/\/www.axis-simulation.com\/de\/wp-json\/wp\/v2\/pages\/3758\/revisions"}],"predecessor-version":[{"id":5715,"href":"https:\/\/www.axis-simulation.com\/de\/wp-json\/wp\/v2\/pages\/3758\/revisions\/5715"}],"wp:attachment":[{"href":"https:\/\/www.axis-simulation.com\/de\/wp-json\/wp\/v2\/media?parent=3758"}],"curies":[{"name":"wp","href":"https:\/\/api.w.org\/{rel}","templated":true}]}}